{"id":89,"date":"2015-04-01T15:40:51","date_gmt":"2015-04-01T15:40:51","guid":{"rendered":"http:\/\/dev.sfao.nazuna.heatenin.gs\/?page_id=89"},"modified":"2020-01-22T14:43:18","modified_gmt":"2020-01-22T14:43:18","slug":"ipsf","status":"publish","type":"page","link":"https:\/\/www.fipsa.fi\/sfao\/ipsf\/","title":{"rendered":"IPSF"},"content":{"rendered":"<h1>International Pharmacy Students&#8217; Federation<\/h1>\n<p><a href=\"http:\/\/www.ipsf.org\" rel=\"attachment wp-att-307\"><img decoding=\"async\" loading=\"lazy\" src=\"http:\/\/www.sfao.net\/wordpress\/wp-content\/uploads\/2015\/04\/ipsf_uusilogo.jpg\" alt=\"\" width=\"389\" height=\"270\" class=\"aligncenter size-full wp-image-307\" \/><\/a><\/p>\n<p>IPSF on vuonna 1949 perustettu maailmanlaajuinen farmasian opiskelijoiden j\u00e4rjest\u00f6. J\u00e4senmaita j\u00e4rjest\u00f6ll\u00e4 on 84 ja IPSF:\u00e4\u00e4n kuuluu 350 000 opiskelijaa. N\u00e4kyvin IPSF:n toimintamuoto on vuonna 1958 aloitettu harjoitteluvaihto-ohjelma <a href=\"\/harjoitteluvaihdot\/sep\/\">(SEP, Student Exchange Programme)<\/a>, jota SFaO toteuttaa farmasian opiskelijoille Suomessa.<\/p>\n<p>Lis\u00e4tietoja harjoitteluvaihdosta: seo (a) sfao.net<\/p>\n<p>IPSF:n internet-sivut: <a href=\"www.ipsf.org\">www.ipsf.org<\/a><\/p>\n","protected":false},"excerpt":{"rendered":"<p>International Pharmacy Students&#8217; Federation IPSF on vuonna 1949 perustettu maailmanlaajuinen farmasian opiskelijoiden j\u00e4rjest\u00f6. J\u00e4senmaita j\u00e4rjest\u00f6ll\u00e4 on 84 ja IPSF:\u00e4\u00e4n kuuluu 350 000 opiskelijaa. N\u00e4kyvin IPSF:n toimintamuoto on vuonna 1958 aloitettu harjoitteluvaihto-ohjelma (SEP, Student Exchange Programme), jota SFaO toteuttaa farmasian opiskelijoille Suomessa. Lis\u00e4tietoja harjoitteluvaihdosta: seo (a) sfao.net IPSF:n internet-sivut: www.ipsf.org<\/p>\n","protected":false},"author":3,"featured_media":0,"parent":0,"menu_order":60,"comment_status":"closed","ping_status":"closed","template":"","meta":[],"_links":{"self":[{"href":"https:\/\/www.fipsa.fi\/sfao\/wp-json\/wp\/v2\/pages\/89"}],"collection":[{"href":"https:\/\/www.fipsa.fi\/sfao\/wp-json\/wp\/v2\/pages"}],"about":[{"href":"https:\/\/www.fipsa.fi\/sfao\/wp-json\/wp\/v2\/types\/page"}],"author":[{"embeddable":true,"href":"https:\/\/www.fipsa.fi\/sfao\/wp-json\/wp\/v2\/users\/3"}],"replies":[{"embeddable":true,"href":"https:\/\/www.fipsa.fi\/sfao\/wp-json\/wp\/v2\/comments?post=89"}],"version-history":[{"count":1,"href":"https:\/\/www.fipsa.fi\/sfao\/wp-json\/wp\/v2\/pages\/89\/revisions"}],"predecessor-version":[{"id":1200,"href":"https:\/\/www.fipsa.fi\/sfao\/wp-json\/wp\/v2\/pages\/89\/revisions\/1200"}],"wp:attachment":[{"href":"https:\/\/www.fipsa.fi\/sfao\/wp-json\/wp\/v2\/media?parent=89"}],"curies":[{"name":"wp","href":"https:\/\/api.w.org\/{rel}","templated":true}]}}