{"id":853,"date":"2017-08-19T15:46:40","date_gmt":"2017-08-19T13:46:40","guid":{"rendered":"http:\/\/www.sfao.net\/?page_id=853"},"modified":"2017-08-19T15:46:40","modified_gmt":"2017-08-19T13:46:40","slug":"jasenet","status":"publish","type":"page","link":"https:\/\/www.fipsa.fi\/sfao\/jasenet\/","title":{"rendered":"J\u00e4senet"},"content":{"rendered":"<p>Mik\u00e4li olet jonkin j\u00e4senj\u00e4rjest\u00f6mme j\u00e4sen (YFK\/Fortis\/Ex Tempore), kuulut automaattisesti FiPSAan. Jos olet j\u00e4senj\u00e4rjest\u00f6ihimme kuulumaton farmaseuttista perus- tai jatkotutkintoa opiskeleva yksityishenkil\u00f6 tai esimerkiksi vastavalmistunut, voit nauttia FiPSAn tarjoamista tapahtumista liittym\u00e4ll\u00e4 FiPSAn henkil\u00f6j\u00e4seneksi.<\/p>\n<p>Henkil\u00f6- tai kannattajaj\u00e4seneksi haetaan t\u00e4ytt\u00e4m\u00e4ll\u00e4 <a href=\"https:\/\/goo.gl\/forms\/bJGiBdJBP92fUiyZ2\">t\u00e4m\u00e4 lomake.<\/a><\/p>\n<p>K\u00e4sittelemme henkil\u00f6j\u00e4senhakemukset seuraavassa hallituksen kokouksessa, jonka j\u00e4lkeen l\u00e4het\u00e4mme j\u00e4senmaksutiedot ilmoittamaasi s\u00e4hk\u00f6postiosoitteeseen. Maksettuasi j\u00e4senmaksun, olet oikeutettu osallistumaan FiPSAn j\u00e4senen\u00e4 sek\u00e4 kotimaan tapahtumiin (risteily, kongressi) ett\u00e4 kansainv\u00e4lisiin kongresseihin ja harjoitteluvaihtoihin.<\/p>\n","protected":false},"excerpt":{"rendered":"<p>Mik\u00e4li olet jonkin j\u00e4senj\u00e4rjest\u00f6mme j\u00e4sen (YFK\/Fortis\/Ex Tempore), kuulut automaattisesti FiPSAan. Jos olet j\u00e4senj\u00e4rjest\u00f6ihimme kuulumaton farmaseuttista perus- tai jatkotutkintoa opiskeleva yksityishenkil\u00f6 tai esimerkiksi vastavalmistunut, voit nauttia FiPSAn tarjoamista tapahtumista liittym\u00e4ll\u00e4 FiPSAn henkil\u00f6j\u00e4seneksi. Henkil\u00f6- tai kannattajaj\u00e4seneksi haetaan t\u00e4ytt\u00e4m\u00e4ll\u00e4 t\u00e4m\u00e4 lomake. K\u00e4sittelemme henkil\u00f6j\u00e4senhakemukset seuraavassa hallituksen kokouksessa, jonka j\u00e4lkeen l\u00e4het\u00e4mme j\u00e4senmaksutiedot ilmoittamaasi s\u00e4hk\u00f6postiosoitteeseen. Maksettuasi j\u00e4senmaksun, olet oikeutettu osallistumaan FiPSAn j\u00e4senen\u00e4 sek\u00e4 kotimaan tapahtumiin (risteily,<\/p>\n<p><a class=\"more-link\" href=\"https:\/\/www.fipsa.fi\/sfao\/jasenet\/\">Read More<\/a><\/p>\n","protected":false},"author":2,"featured_media":0,"parent":0,"menu_order":0,"comment_status":"closed","ping_status":"closed","template":"","meta":[],"_links":{"self":[{"href":"https:\/\/www.fipsa.fi\/sfao\/wp-json\/wp\/v2\/pages\/853"}],"collection":[{"href":"https:\/\/www.fipsa.fi\/sfao\/wp-json\/wp\/v2\/pages"}],"about":[{"href":"https:\/\/www.fipsa.fi\/sfao\/wp-json\/wp\/v2\/types\/page"}],"author":[{"embeddable":true,"href":"https:\/\/www.fipsa.fi\/sfao\/wp-json\/wp\/v2\/users\/2"}],"replies":[{"embeddable":true,"href":"https:\/\/www.fipsa.fi\/sfao\/wp-json\/wp\/v2\/comments?post=853"}],"version-history":[{"count":0,"href":"https:\/\/www.fipsa.fi\/sfao\/wp-json\/wp\/v2\/pages\/853\/revisions"}],"wp:attachment":[{"href":"https:\/\/www.fipsa.fi\/sfao\/wp-json\/wp\/v2\/media?parent=853"}],"curies":[{"name":"wp","href":"https:\/\/api.w.org\/{rel}","templated":true}]}}