{"id":747,"date":"2017-07-30T20:37:04","date_gmt":"2017-07-30T18:37:04","guid":{"rendered":"http:\/\/www.sfao.net\/?page_id=747"},"modified":"2017-07-30T20:37:04","modified_gmt":"2017-07-30T18:37:04","slug":"fipsa-kongressi-2017","status":"publish","type":"page","link":"https:\/\/www.fipsa.fi\/sfao\/fipsa-kongressi-2017\/","title":{"rendered":"FiPSA-kongressi 2017"},"content":{"rendered":"<p>T\u00e4n\u00e4 vuonna FiPSA kongressi j\u00e4rjestet\u00e4\u00e4n 14.-15.10. Helsingiss\u00e4. Kongressin teemana on ajankohtaisesti &#8221;L\u00e4\u00e4kkeet ja ymp\u00e4rist\u00f6&#8221; ja teemaa tullaan tarkastelemaan monelta eri kantilta useiden puhujien siivitt\u00e4m\u00e4n\u00e4. My\u00f6s osallistujat p\u00e4\u00e4sev\u00e4t ideoimaan puhtaamman farmasian puolesta workshoppien merkeiss\u00e4. Lis\u00e4ksi kongressi tarjoaa mahdollisuuden omien verkostojen laajentamiseen ja verkostoitumiskykyjen kehitt\u00e4miseen EPSA-trainingiss\u00e4. <\/p>\n<p>\nKotimainen kongressi on mahtava tilaisuus tutustua kansainv\u00e4listen konressien, kuten EPSAn ja IPSF:n, tunnelmaan. Kansainv\u00e4list\u00e4 tunnelmaa lis\u00e4\u00e4 kongressiin kutsutut ulkomaalaiset farmasian opiskelijat useasta eri maasta. Kongressi pidet\u00e4\u00e4n englanniksi. <\/p>\n<p>\nKongressin ilmoittautuminen aukeaa 30.8.2017 yhdess\u00e4 Farmasian opiskelijoiden risteilyn ilmoittautumisen kanssa. Voit ilmoittautua molempiin tapahtumiin samalla lomakkeella tai ilmoittautua vain jompaan kumpaan tapahtumaan. Kuopiolaisille on tarjolla bussikuljetus kongressiin ja risteilylle. Kongressin hintaan kuuluu ohjelma, aamiaiset, kahvitauot, lauantai-iltana j\u00e4rjestett\u00e4v\u00e4t sitsit ja tietenkin upea haalarimerkki! <\/p>\n<p>\nKiinnitetyt puhujat aloittain:<br \/>\nL\u00e4\u00e4keteollisuus<br \/>\nTutkimus ja koulutus<\/p>\n<p>\n<strong>MIT\u00c4: El\u00e4myksellinen kongressi<br \/>\nMISS\u00c4: Helsingiss\u00e4<br \/>\nMILLOIN: lauantaina 14.10. ja sunnuntaina 15.10.<br \/>\nMIKSI: Tunnelma, oman osaamisen kehitt\u00e4minen, verkostoituminen, bileet&#8230;<br \/>\nPALJON MAKSAA: J\u00e4senille 20\u20ac \/ Ei-j\u00e4senille 35\u20ac<\/strong><\/p>\n<p>\nOman gradunsa tai lopputy\u00f6ns\u00e4 kongressissa esitt\u00e4ville tarjotaan ilmainen osallistuminen koko kongressiin. Gradun tai lopputy\u00f6n aiheen on hyv\u00e4 olla kongressin teeman mukainen. Esimerkiksi rationaalista l\u00e4\u00e4kehoitoa, l\u00e4\u00e4kej\u00e4tteest\u00e4 aiheutuvaa ymp\u00e4rist\u00f6kuormitusta tai kustannuksia ja l\u00e4\u00e4keaineiden kemiaa k\u00e4sittelev\u00e4t ty\u00f6t sopivat teemaan erinomaisesti. Jos haluat esitell\u00e4 ty\u00f6t\u00e4si tai tutkimustasi kongressissa tai sinulla on muuta kysytt\u00e4v\u00e4\u00e4 kongressiin liittyen, ole yhteydess\u00e4 Nelli \u00c4ij\u00f6\u00f6n vicepresident(at)fipsa.fi.<\/p>\n<p>\nK\u00e4y klikkaamassa itsesi tapahtumaan my\u00f6s Facebookissa: Fipsa Kongressi<\/p>\n","protected":false},"excerpt":{"rendered":"<p>T\u00e4n\u00e4 vuonna FiPSA kongressi j\u00e4rjestet\u00e4\u00e4n 14.-15.10. Helsingiss\u00e4. Kongressin teemana on ajankohtaisesti &#8221;L\u00e4\u00e4kkeet ja ymp\u00e4rist\u00f6&#8221; ja teemaa tullaan tarkastelemaan monelta eri kantilta useiden puhujien siivitt\u00e4m\u00e4n\u00e4. My\u00f6s osallistujat p\u00e4\u00e4sev\u00e4t ideoimaan puhtaamman farmasian puolesta workshoppien merkeiss\u00e4. Lis\u00e4ksi kongressi tarjoaa mahdollisuuden omien verkostojen laajentamiseen ja verkostoitumiskykyjen kehitt\u00e4miseen EPSA-trainingiss\u00e4. Kotimainen kongressi on mahtava tilaisuus tutustua kansainv\u00e4listen konressien, kuten EPSAn ja IPSF:n, tunnelmaan. Kansainv\u00e4list\u00e4 tunnelmaa lis\u00e4\u00e4<\/p>\n<p><a class=\"more-link\" href=\"https:\/\/www.fipsa.fi\/sfao\/fipsa-kongressi-2017\/\">Read More<\/a><\/p>\n","protected":false},"author":3,"featured_media":0,"parent":0,"menu_order":0,"comment_status":"closed","ping_status":"closed","template":"","meta":[],"_links":{"self":[{"href":"https:\/\/www.fipsa.fi\/sfao\/wp-json\/wp\/v2\/pages\/747"}],"collection":[{"href":"https:\/\/www.fipsa.fi\/sfao\/wp-json\/wp\/v2\/pages"}],"about":[{"href":"https:\/\/www.fipsa.fi\/sfao\/wp-json\/wp\/v2\/types\/page"}],"author":[{"embeddable":true,"href":"https:\/\/www.fipsa.fi\/sfao\/wp-json\/wp\/v2\/users\/3"}],"replies":[{"embeddable":true,"href":"https:\/\/www.fipsa.fi\/sfao\/wp-json\/wp\/v2\/comments?post=747"}],"version-history":[{"count":0,"href":"https:\/\/www.fipsa.fi\/sfao\/wp-json\/wp\/v2\/pages\/747\/revisions"}],"wp:attachment":[{"href":"https:\/\/www.fipsa.fi\/sfao\/wp-json\/wp\/v2\/media?parent=747"}],"curies":[{"name":"wp","href":"https:\/\/api.w.org\/{rel}","templated":true}]}}