{"id":743,"date":"2017-07-25T16:44:18","date_gmt":"2017-07-25T14:44:18","guid":{"rendered":"http:\/\/www.sfao.net\/?page_id=743"},"modified":"2017-07-25T16:44:18","modified_gmt":"2017-07-25T14:44:18","slug":"terveystietoisuus","status":"publish","type":"page","link":"https:\/\/www.fipsa.fi\/sfao\/terveystietoisuus\/","title":{"rendered":"Terveyden edist\u00e4minen"},"content":{"rendered":"<p>K\u00e4y tutustumassa Terveyskyl\u00e4\u00e4n!<\/p>\n<p>https:\/\/www.terveyskyla.fi\/<\/p>\n<p>&nbsp;<\/p>\n","protected":false},"excerpt":{"rendered":"<p>K\u00e4y tutustumassa Terveyskyl\u00e4\u00e4n! https:\/\/www.terveyskyla.fi\/ &nbsp;<\/p>\n","protected":false},"author":2,"featured_media":0,"parent":0,"menu_order":0,"comment_status":"closed","ping_status":"closed","template":"","meta":[],"_links":{"self":[{"href":"https:\/\/www.fipsa.fi\/sfao\/wp-json\/wp\/v2\/pages\/743"}],"collection":[{"href":"https:\/\/www.fipsa.fi\/sfao\/wp-json\/wp\/v2\/pages"}],"about":[{"href":"https:\/\/www.fipsa.fi\/sfao\/wp-json\/wp\/v2\/types\/page"}],"author":[{"embeddable":true,"href":"https:\/\/www.fipsa.fi\/sfao\/wp-json\/wp\/v2\/users\/2"}],"replies":[{"embeddable":true,"href":"https:\/\/www.fipsa.fi\/sfao\/wp-json\/wp\/v2\/comments?post=743"}],"version-history":[{"count":0,"href":"https:\/\/www.fipsa.fi\/sfao\/wp-json\/wp\/v2\/pages\/743\/revisions"}],"wp:attachment":[{"href":"https:\/\/www.fipsa.fi\/sfao\/wp-json\/wp\/v2\/media?parent=743"}],"curies":[{"name":"wp","href":"https:\/\/api.w.org\/{rel}","templated":true}]}}