{"id":18,"date":"2015-03-04T18:47:59","date_gmt":"2015-03-04T18:47:59","guid":{"rendered":"http:\/\/dev.sfao.heatenin.gs\/?page_id=18"},"modified":"2020-01-22T14:42:05","modified_gmt":"2020-01-22T14:42:05","slug":"projektit","status":"publish","type":"page","link":"https:\/\/www.fipsa.fi\/sfao\/projektit\/","title":{"rendered":"Tapahtumat"},"content":{"rendered":"<h2>Kotimaiset tapahtumat<\/h2>\n<p>&nbsp;<\/p>\n<h3>FiPSA-kongressi<\/h3>\n<p>FiPSA-kongressia on j\u00e4rjestetty vuodesta 2012 vaihtelevalla teemalla. Kongressi on koko Suomen farmasian opiskelijoiden yhteinen tapahtuma ja ohjelmassa on mm. luentoja, ty\u00f6el\u00e4m\u00e4taitojen harjoittelua trainingien ja muun tekemisen muodossa, yhteist\u00e4 ajanviettoa ja illanistujaiset sanan varsinaisessa merkityksess\u00e4! Tapahtumaan on haettu mallia kansainv\u00e4lisist\u00e4 kongresseista.<\/p>\n<h3>Farmasian opiskelijoiden risteily<\/h3>\n<p>Koko Suomen farmasian opiskelijoiden risteilyll\u00e4 juhlistetaan FiPSAn syntym\u00e4p\u00e4ivi\u00e4! Risteily starttaa vuosittain joko Turusta tai Helsingist\u00e4 ja risteilyll\u00e4 on ollut vuodesta riippuen erilaisia ohjelmanumeroita. Ohjelmaa j\u00e4rjestet\u00e4\u00e4n usein jo maissa ennen l\u00e4ht\u00f6\u00e4. Muun muassa vierailut l\u00e4\u00e4ketehtaalla ja Punavuoren Pukumies-appro ovat l\u00e4mmitelleet risteilij\u00f6it\u00e4 juhlatuulelle. Vuonna 2017 risteily\u00e4 edelt\u00e4\u00e4 FiPSA-kongressi.<\/p>\n<h3>L\u00e4\u00e4kehoidon p\u00e4iv\u00e4<\/h3>\n<p>Suomen Farmasian opiskelijaj\u00e4rjest\u00f6t on mukana toteuttamassa kansallista <a href=\"http:\/\/www.laakehoidonpaiva.fi\/\" target=\"_blank\" rel=\"noopener noreferrer\">L\u00e4\u00e4kehoidon p\u00e4iv\u00e4\u00e4<\/a>. #l\u00e4\u00e4kehoidonp\u00e4iv\u00e4<\/p>\n<h3>Muita projekteja:<\/h3>\n<p>Olemme mukana j\u00e4rjest\u00e4m\u00e4ss\u00e4 koulutusseminaareja, esimerkiksi koulutusta ainej\u00e4rjest\u00f6toimintaan ja terveydenhuoltoalojen opiskelijoiden yhteisty\u00f6n\u00e4 PharMed-seminaaria.<\/p>\n<p>&nbsp;<\/p>\n<h2>Kansainv\u00e4liset tapahtumat<\/h2>\n<p>&nbsp;<\/p>\n<p>Jokaisen farmasian opiskelijan pit\u00e4isi kokea ainakin yksi kansainv\u00e4linen kongressi!<\/p>\n<h3>Pinsest\u00e6vne Ruotsissa 2018<\/h3>\n<p>Kev\u00e4\u00e4ll\u00e4 2017 Helsingiss\u00e4 j\u00e4rjestet\u00e4\u00e4n pohjoismaisten farmasian opiskelijoiden tapahtuma Pinse. Pinse on perinteisesti ennen kaikkea hauska kongressi, jossa ohjelmassa on yritysvierailuja ja luentoja. Iltaisin on vuorossa illanistujaisia, pubikierroksia ja viikko huipentuu galaillalliseen. Pinseen kuuluu perinteisesti my\u00f6s m\u00f6kkireissu. Kev\u00e4\u00e4ll\u00e4 2018 Pinse pidet\u00e4\u00e4n <strong>Ruotsissa<\/strong>.<\/p>\n<p><a href=\"http:\/\/www.sfao.net\/wordpress\/wp-content\/uploads\/2017\/02\/pinse.jpg\"><img decoding=\"async\" loading=\"lazy\" class=\"alignnone size-medium wp-image-450\" src=\"http:\/\/www.sfao.net\/wordpress\/wp-content\/uploads\/2017\/02\/pinse-300x109.jpg\" alt=\"\" width=\"300\" height=\"109\" \/><\/a><\/p>\n<h3>EPSA Annual Congress ja Autum Assembly<\/h3>\n<p>EPSA j\u00e4rjest\u00e4\u00e4 j\u00e4senilleen kansainv\u00e4lisi\u00e4 kongresseja kaksi kertaa vuodessa. Kongresseilla on aina kansainv\u00e4linen teema, jonka mukaan j\u00e4rjestet\u00e4\u00e4n luentoja ja paneelikeskusteluja alan huippuammattilaisten siivitt\u00e4m\u00e4n\u00e4. Suomalaisille on varattu noin kymmenen paikkaa per kongressi.<\/p>\n<p>Kev\u00e4\u00e4ll\u00e4 j\u00e4rjestett\u00e4v\u00e4 Annual Congress toimii j\u00e4senj\u00e4rjest\u00f6jen vuosikokouksena, vaikka suurin osa osanottajista on siell\u00e4 pit\u00e4m\u00e4ss\u00e4 hauskaa, kehitt\u00e4m\u00e4ss\u00e4 taitojaan trainingien parissa ja kansainv\u00e4listym\u00e4ss\u00e4. FiPSA l\u00e4hett\u00e4\u00e4 kev\u00e4tkongressiin kaksi edustajaa, jotka ottavat osaa ajankohtaisiin keskusteluihin ja ovat mukana EPSAn p\u00e4\u00e4t\u00f6ksenteossa.<\/p>\n<p>Syksyll\u00e4 j\u00e4rjestett\u00e4v\u00e4 Autum Assembly on toinen suurkokous. Kuten kev\u00e4t kongressissakin, my\u00f6s syyskongressissa suuri paino on sosiaalisella ohjelmalla ja trainingeilla. FiPSA l\u00e4hett\u00e4\u00e4 kaksi edustajaa my\u00f6s syksyn kongressiin muiden suomalaisten osallistujien lis\u00e4ksi.<\/p>\n<p>Vuonna 2017 EPSA Annual Congress pidet\u00e4\u00e4n <strong>Sloveniassa<\/strong> ja Autum Assembly <strong>Tsekiss\u00e4<\/strong>. Vuonna 2018 EPSAn kev\u00e4tkongressi pidet\u00e4\u00e4n <strong>Hollannissa <\/strong>ja syyskongressi <strong>Serbiassa. <\/strong><\/p>\n<h3>IPSF World Congress<\/h3>\n<p>Maailman farmasian opiskelijoiden kattoj\u00e4rjest\u00f6, Internation Pharmacy students&#8217; federation, j\u00e4rjest\u00e4\u00e4 kerran vuodessa kongressin, johon on kutsuttu j\u00e4senj\u00e4rjest\u00f6t ymp\u00e4ri maailmaa. IPSF kongressi on huomattavasti suurempi tapahtuma, kuin EPSAn kongressit. Kongressin paikka vaihtelee vuosittain mantereiden v\u00e4lill\u00e4. Vuonna 2016 kongressi pidettiin Afrikan Zimbabwessa, vuonna 2017 se pidettiin Aasian <strong>Taiwanissa<\/strong>, vuoden 2018 kongressi tullaan pit\u00e4m\u00e4\u00e4n Etel\u00e4-Amerikan <strong>Argentiinassa<\/strong> ja kes\u00e4ll\u00e4 2019 matkataan Afrikan <strong>Ruandaan<\/strong>.<\/p>\n<p>Maailman kongressiin, kuten joihinkin EPSA kongresseihinkin, kuuluu usein Post Congress Tour, jossa paikallisia n\u00e4ht\u00e4vyyksi\u00e4 kierrell\u00e4\u00e4n katsomassa suuremmassa ryhm\u00e4ss\u00e4 ja useamman p\u00e4iv\u00e4n ajan. Kongressi ja sen j\u00e4lkeinen PCT ovat oiva mahdollisuus n\u00e4hd\u00e4 sellaisia paikallisten opastuksella paikkoja, joihin et ehk\u00e4 koskaan muuten menisi!<\/p>\n<h3>WHSS: World Healtcare Students&#8217; Symposium<\/h3>\n<p>Maailman terveydenhuollon opiskelijoiden symposium j\u00e4rjestet\u00e4\u00e4n joka toinen vuosi ja vuonna 2017 se pidet\u00e4\u00e4n <strong>Ruanda<\/strong>n Kigalissa Afrikassa. Symposiumiin on kutsuttu kaikki terveydenhuollon opiskelijat, muun muassa farmasian, l\u00e4\u00e4ketieteen ja hammasl\u00e4\u00e4ketieteen opiskelijat. Tapahtuma on viisip\u00e4iv\u00e4inen ja sis\u00e4lt\u00e4\u00e4 koulutuksellista ja sosiaalista ohjelmaa.<\/p>\n","protected":false},"excerpt":{"rendered":"<p>Kotimaiset tapahtumat &nbsp; FiPSA-kongressi FiPSA-kongressia on j\u00e4rjestetty vuodesta 2012 vaihtelevalla teemalla. Kongressi on koko Suomen farmasian opiskelijoiden yhteinen tapahtuma ja ohjelmassa on mm. luentoja, ty\u00f6el\u00e4m\u00e4taitojen harjoittelua trainingien ja muun tekemisen muodossa, yhteist\u00e4 ajanviettoa ja illanistujaiset sanan varsinaisessa merkityksess\u00e4! Tapahtumaan on haettu mallia kansainv\u00e4lisist\u00e4 kongresseista. Farmasian opiskelijoiden risteily Koko Suomen farmasian opiskelijoiden risteilyll\u00e4 juhlistetaan FiPSAn syntym\u00e4p\u00e4ivi\u00e4! Risteily starttaa vuosittain joko Turusta<\/p>\n<p><a class=\"more-link\" href=\"https:\/\/www.fipsa.fi\/sfao\/projektit\/\">Read More<\/a><\/p>\n","protected":false},"author":1,"featured_media":0,"parent":0,"menu_order":20,"comment_status":"closed","ping_status":"closed","template":"","meta":[],"_links":{"self":[{"href":"https:\/\/www.fipsa.fi\/sfao\/wp-json\/wp\/v2\/pages\/18"}],"collection":[{"href":"https:\/\/www.fipsa.fi\/sfao\/wp-json\/wp\/v2\/pages"}],"about":[{"href":"https:\/\/www.fipsa.fi\/sfao\/wp-json\/wp\/v2\/types\/page"}],"author":[{"embeddable":true,"href":"https:\/\/www.fipsa.fi\/sfao\/wp-json\/wp\/v2\/users\/1"}],"replies":[{"embeddable":true,"href":"https:\/\/www.fipsa.fi\/sfao\/wp-json\/wp\/v2\/comments?post=18"}],"version-history":[{"count":1,"href":"https:\/\/www.fipsa.fi\/sfao\/wp-json\/wp\/v2\/pages\/18\/revisions"}],"predecessor-version":[{"id":1191,"href":"https:\/\/www.fipsa.fi\/sfao\/wp-json\/wp\/v2\/pages\/18\/revisions\/1191"}],"wp:attachment":[{"href":"https:\/\/www.fipsa.fi\/sfao\/wp-json\/wp\/v2\/media?parent=18"}],"curies":[{"name":"wp","href":"https:\/\/api.w.org\/{rel}","templated":true}]}}