{"id":11,"date":"2015-03-04T18:46:18","date_gmt":"2015-03-04T18:46:18","guid":{"rendered":"http:\/\/dev.sfao.heatenin.gs\/?page_id=11"},"modified":"2020-01-22T14:41:24","modified_gmt":"2020-01-22T14:41:24","slug":"toimikunnat","status":"publish","type":"page","link":"https:\/\/www.fipsa.fi\/sfao\/sfao\/toimikunnat\/","title":{"rendered":"Toimikunnat"},"content":{"rendered":"<p>T\u00e4ll\u00e4 sivulla esitell\u00e4\u00e4n FiPSAn hallituksen alaisia toimikuntia ja ty\u00f6yhmi\u00e4 sek\u00e4 yhdistyksen kokouksissa perustettuja valiokuntia sek\u00e4 niiden toimintaa.<\/p>\n<h3>J\u00e4senlehtitoimikunta<\/h3>\n<p>J\u00e4senlehtitoimikunta vastaa FiPSAn j\u00e4senlehden Pharmaca Studentican toimittamisesta. J\u00e4senlehti ilmestyy kaksi kertaa vuodessa: ensimm\u00e4inen numero julkaistaan huhtikuussa ja toinen numero FiPSAn risteilylle ja Farmasianp\u00e4iville.<\/p>\n<p>Mik\u00e4li sinulla on mieless\u00e4 artikkeli-ideoita, olet aina kamera k\u00e4dess\u00e4 tai muuten vain haluat olla mukana tekem\u00e4ss\u00e4 julkaisutoimintaa, l\u00e4hde mukaan j\u00e4senlehtitoimikuntaan, ota yhteytt\u00e4 pharmaca.studentica (a) sfao.net!<\/p>\n<h3>FiPSA-kongressi 2017 -toimikunta<\/h3>\n<p>Toimikunnan teht\u00e4v\u00e4n\u00e4 on j\u00e4rjest\u00e4\u00e4 koulutuksellinen syyskongressi suomalaisille farmasian opiskelijoille. Idea kongressista oli virinnyt jo aikaisemmin, ja vuonna 2012 olikin suomalaisten oman kongressin debyyttivuosi. Kansallisen kongressin mallia on haettu maailmalta.<\/p>\n<p>Mik\u00e4li sinua kiinnostaa olla mukana j\u00e4rjest\u00e4m\u00e4ss\u00e4 kolmatta FiPSA-kongressia, ota yhteytt\u00e4 osoitteeseen vicepresident(a)sfao.net.<\/p>\n<h3>Farmasian opiskelijoiden risteily 2017 -toimikunta<\/h3>\n<p>FiPSA on viimevuosina juhlistanut ik\u00e4\u00e4ntymist\u00e4\u00e4n ker\u00e4\u00e4m\u00e4ll\u00e4 suomalaiset farmasian opiskelijat yhteiselle Farmasian opiskelijoiden risteilylle. Vuonna 2017\u00a0on aika juhlistaa FiPSAn 37-vuotista taivalta.<\/p>\n<p>Risteilytiimin j\u00e4senen\u00e4 p\u00e4\u00e4set mukaan j\u00e4rjest\u00e4m\u00e4\u00e4n Farmasian opiskelijoiden risteily\u00e4, sek\u00e4 siihen liittyvi\u00e4 muita tapahtumia, kuten Pukumies-approa, ota yhteytt\u00e4 vicepresident (a) sfao.net.<\/p>\n<h3>Paikallistoiminnan toimikunnat<\/h3>\n<p>Paikallisen toiminnantoimikunnat j\u00e4rjest\u00e4v\u00e4t yhdess\u00e4 j\u00e4senj\u00e4rjest\u00f6jen kanssa tapahtumia farmasian vaihto-opiskelijoille ja kotikansainv\u00e4listymisest\u00e4 kiinnostuneille suomalaisille farmasian opiskelijoille eri kampuksilla.<\/p>\n<p>Mik\u00e4li sinulla on intoa l\u00e4het\u00e4 mukaan paikallisentoiminnan toimikuntiin ota yhteytt\u00e4 yhteydenotot (a) sfao.net ja laita viestin aiheeksi paikallinen toiminta \/ (opiskelukaupunkisi).<\/p>\n<h3>ESEG-ty\u00f6ryhm\u00e4<\/h3>\n<p>ESEG-ty\u00f6ryhm\u00e4 j\u00e4rjest\u00e4\u00e4 ohjelmaa Suomeen SEP- ja IMP-vaihtoon tuleville opiskelijoille sek\u00e4 auttaa heit\u00e4 k\u00e4yt\u00e4nn\u00f6n asioissa harjoittelun alussa. Ty\u00f6ryhm\u00e4\u00e4n voi osallistua ymp\u00e4ri Suomea. Aktiivista toimintaa toivotaan erityisesti l\u00e4helle kaikkia paikkakuntia, joihin ulkomaalaisia harjoittelijoita saapuu. Vuoden 2017 harjoittelupaikat eiv\u00e4t ole viel\u00e4 varmistuneet, mutta voit ilmoittaa mahdollisen harjoittelupaikan harjoitteluvaihdot (at) sfao.net. Ty\u00f6ryhm\u00e4n toiminta painottuu kes\u00e4\u00e4n ja alkusyksyyn.<\/p>\n<p>Mik\u00e4li sinulla on intoa l\u00e4het\u00e4 mukaan ESEG-ty\u00f6ryhm\u00e4\u00e4n ota yhteytt\u00e4 yhteydenotot (at) sfao.net ja laita viestin aiheeksi ESEG.<\/p>\n<p>&nbsp;<\/p>\n","protected":false},"excerpt":{"rendered":"<p>T\u00e4ll\u00e4 sivulla esitell\u00e4\u00e4n FiPSAn hallituksen alaisia toimikuntia ja ty\u00f6yhmi\u00e4 sek\u00e4 yhdistyksen kokouksissa perustettuja valiokuntia sek\u00e4 niiden toimintaa. J\u00e4senlehtitoimikunta J\u00e4senlehtitoimikunta vastaa FiPSAn j\u00e4senlehden Pharmaca Studentican toimittamisesta. J\u00e4senlehti ilmestyy kaksi kertaa vuodessa: ensimm\u00e4inen numero julkaistaan huhtikuussa ja toinen numero FiPSAn risteilylle ja Farmasianp\u00e4iville. Mik\u00e4li sinulla on mieless\u00e4 artikkeli-ideoita, olet aina kamera k\u00e4dess\u00e4 tai muuten vain haluat olla mukana tekem\u00e4ss\u00e4 julkaisutoimintaa, l\u00e4hde mukaan<\/p>\n<p><a class=\"more-link\" href=\"https:\/\/www.fipsa.fi\/sfao\/sfao\/toimikunnat\/\">Read More<\/a><\/p>\n","protected":false},"author":1,"featured_media":0,"parent":7,"menu_order":20,"comment_status":"closed","ping_status":"closed","template":"","meta":[],"_links":{"self":[{"href":"https:\/\/www.fipsa.fi\/sfao\/wp-json\/wp\/v2\/pages\/11"}],"collection":[{"href":"https:\/\/www.fipsa.fi\/sfao\/wp-json\/wp\/v2\/pages"}],"about":[{"href":"https:\/\/www.fipsa.fi\/sfao\/wp-json\/wp\/v2\/types\/page"}],"author":[{"embeddable":true,"href":"https:\/\/www.fipsa.fi\/sfao\/wp-json\/wp\/v2\/users\/1"}],"replies":[{"embeddable":true,"href":"https:\/\/www.fipsa.fi\/sfao\/wp-json\/wp\/v2\/comments?post=11"}],"version-history":[{"count":1,"href":"https:\/\/www.fipsa.fi\/sfao\/wp-json\/wp\/v2\/pages\/11\/revisions"}],"predecessor-version":[{"id":1186,"href":"https:\/\/www.fipsa.fi\/sfao\/wp-json\/wp\/v2\/pages\/11\/revisions\/1186"}],"up":[{"embeddable":true,"href":"https:\/\/www.fipsa.fi\/sfao\/wp-json\/wp\/v2\/pages\/7"}],"wp:attachment":[{"href":"https:\/\/www.fipsa.fi\/sfao\/wp-json\/wp\/v2\/media?parent=11"}],"curies":[{"name":"wp","href":"https:\/\/api.w.org\/{rel}","templated":true}]}}