{"id":1077,"date":"2017-11-11T17:50:07","date_gmt":"2017-11-11T17:50:07","guid":{"rendered":"https:\/\/www.fipsa.fi\/sfao\/?page_id=1077"},"modified":"2017-11-11T17:50:07","modified_gmt":"2017-11-11T17:50:07","slug":"styrelsen","status":"publish","type":"page","link":"https:\/\/www.fipsa.fi\/sfao\/fipsa\/styrelsen\/?lang=sv","title":{"rendered":"Styrelsen"},"content":{"rendered":"<p>Om du vill ta kontakt med styrelsen, skicka e-post till: yhteydenotot (at) fipsa.fi<\/p>\n<p><img decoding=\"async\" loading=\"lazy\" class=\"alignleft\" src=\"http:\/\/www.sfao.net\/wordpress\/wp-content\/uploads\/2015\/03\/2016_IL.jpg\" alt=\"\" width=\"159\" height=\"283\" align=\"left\" hspace=\"10\" \/><\/p>\n<p>&nbsp;<\/p>\n<p><strong>Ordf\u00f6rande<\/strong><\/p>\n<p>Ida Lepist\u00f6 (Helsingfors)<\/p>\n<p>president (at) fipsa.fi<\/p>\n<p>&nbsp;<\/p>\n<p>&nbsp;<\/p>\n<p>&nbsp;<\/p>\n<p>&nbsp;<\/p>\n<p>&nbsp;<\/p>\n<p><img decoding=\"async\" loading=\"lazy\" class=\"alignleft\" src=\"http:\/\/www.sfao.net\/wordpress\/wp-content\/uploads\/2015\/03\/2015_N\u00c4.jpg\" alt=\"\" width=\"180\" height=\"225\" align=\"left\" hspace=\"10\" \/><\/p>\n<p>&nbsp;<\/p>\n<p><strong>Viceordf\u00f6rande, projektkordinator<\/strong><\/p>\n<p>Nelli \u00c4ij\u00f6<\/p>\n<p>vicepresident (at) fipsa.fi<\/p>\n<p>&nbsp;<\/p>\n<p>&nbsp;<\/p>\n<p>&nbsp;<\/p>\n<h4>\u00a0<a href=\"https:\/\/www.fipsa.fi\/sfao\/wp-content\/uploads\/2015\/03\/camillaandersson-1.jpg\"><img decoding=\"async\" loading=\"lazy\" class=\" wp-image-508 alignleft\" src=\"https:\/\/www.fipsa.fi\/sfao\/wp-content\/uploads\/2015\/03\/camillaandersson-1-226x300.jpg\" alt=\"\" width=\"197\" height=\"262\" srcset=\"https:\/\/www.fipsa.fi\/sfao\/wp-content\/uploads\/2015\/03\/camillaandersson-1-226x300.jpg 226w, https:\/\/www.fipsa.fi\/sfao\/wp-content\/uploads\/2015\/03\/camillaandersson-1.jpg 443w\" sizes=\"(max-width: 197px) 100vw, 197px\" \/><\/a><strong>Sekreterare<\/strong><\/h4>\n<p>Camilla Andersson (Helsingfors)<\/p>\n<p>secgen (at) fipsa.fi<\/p>\n<p>Sekreterare skriver opp allt det diskuteras p\u00e5 m\u00f6ten och lagar protokoll.<\/p>\n<p>&nbsp;<\/p>\n<h4><\/h4>\n<h4><a href=\"https:\/\/www.fipsa.fi\/sfao\/wp-content\/uploads\/2015\/03\/Screenshot_2017-02-10-13-11-252-1.jpg\"><img decoding=\"async\" loading=\"lazy\" class=\"size-medium wp-image-509 alignleft\" src=\"https:\/\/www.fipsa.fi\/sfao\/wp-content\/uploads\/2015\/03\/Screenshot_2017-02-10-13-11-252-1-213x300.jpg\" alt=\"\" width=\"213\" height=\"300\" srcset=\"https:\/\/www.fipsa.fi\/sfao\/wp-content\/uploads\/2015\/03\/Screenshot_2017-02-10-13-11-252-1-213x300.jpg 213w, https:\/\/www.fipsa.fi\/sfao\/wp-content\/uploads\/2015\/03\/Screenshot_2017-02-10-13-11-252-1-768x1082.jpg 768w, https:\/\/www.fipsa.fi\/sfao\/wp-content\/uploads\/2015\/03\/Screenshot_2017-02-10-13-11-252-1-727x1024.jpg 727w, https:\/\/www.fipsa.fi\/sfao\/wp-content\/uploads\/2015\/03\/Screenshot_2017-02-10-13-11-252-1-800x1127.jpg 800w, https:\/\/www.fipsa.fi\/sfao\/wp-content\/uploads\/2015\/03\/Screenshot_2017-02-10-13-11-252-1.jpg 898w\" sizes=\"(max-width: 213px) 100vw, 213px\" \/><\/a><strong>Kass\u00f6r<\/strong><\/h4>\n<p>Annika Randell (\u00c5bo)<\/p>\n<p>treasurer (at) fipsa.fi<\/p>\n<p>Kass\u00f6r tar hand om pengarna, betalar r\u00e4kningarna och uppg\u00f6r bokf\u00f6ringen. Hon ocks\u00e5 uppr\u00e4ttar boksluten och n\u00e4sta \u00e5rs budget.<\/p>\n<p>&nbsp;<\/p>\n<h4><\/h4>\n<h4><\/h4>\n<h4><a href=\"https:\/\/www.fipsa.fi\/sfao\/wp-content\/uploads\/2015\/03\/IMG_3987-1.jpg\"><img decoding=\"async\" loading=\"lazy\" class=\"size-medium wp-image-510 alignleft\" src=\"https:\/\/www.fipsa.fi\/sfao\/wp-content\/uploads\/2015\/03\/IMG_3987-1-239x300.jpg\" alt=\"\" width=\"239\" height=\"300\" srcset=\"https:\/\/www.fipsa.fi\/sfao\/wp-content\/uploads\/2015\/03\/IMG_3987-1-239x300.jpg 239w, https:\/\/www.fipsa.fi\/sfao\/wp-content\/uploads\/2015\/03\/IMG_3987-1-768x965.jpg 768w, https:\/\/www.fipsa.fi\/sfao\/wp-content\/uploads\/2015\/03\/IMG_3987-1-815x1024.jpg 815w, https:\/\/www.fipsa.fi\/sfao\/wp-content\/uploads\/2015\/03\/IMG_3987-1-800x1005.jpg 800w, https:\/\/www.fipsa.fi\/sfao\/wp-content\/uploads\/2015\/03\/IMG_3987-1.jpg 1157w\" sizes=\"(max-width: 239px) 100vw, 239px\" \/><\/a><strong>EPSA-kontaktperson (EPSA Liaison Secretary)<\/strong><\/h4>\n<p>Kathy Hou (Helsingfors)<\/p>\n<p>epsa-ls (at) fipsa.fi<\/p>\n<p>EPSA-kontakperson \u00e4r l\u00e4nken mellan EPSA och FiFaS. Han \u00e4r aktiv i olika EPSA forumer och g\u00e4rna deltar EPSA kongresser.<\/p>\n<p>&nbsp;<\/p>\n<h4><\/h4>\n<h4><a href=\"https:\/\/www.fipsa.fi\/sfao\/wp-content\/uploads\/2015\/03\/nera-1.jpg\"><img decoding=\"async\" loading=\"lazy\" class=\"size-medium wp-image-566 alignleft\" src=\"https:\/\/www.fipsa.fi\/sfao\/wp-content\/uploads\/2015\/03\/nera-1-300x300.jpg\" alt=\"\" width=\"300\" height=\"300\" srcset=\"https:\/\/www.fipsa.fi\/sfao\/wp-content\/uploads\/2015\/03\/nera-1-300x300.jpg 300w, https:\/\/www.fipsa.fi\/sfao\/wp-content\/uploads\/2015\/03\/nera-1-150x150.jpg 150w, https:\/\/www.fipsa.fi\/sfao\/wp-content\/uploads\/2015\/03\/nera-1-768x768.jpg 768w, https:\/\/www.fipsa.fi\/sfao\/wp-content\/uploads\/2015\/03\/nera-1-800x800.jpg 800w, https:\/\/www.fipsa.fi\/sfao\/wp-content\/uploads\/2015\/03\/nera-1.jpg 960w\" sizes=\"(max-width: 300px) 100vw, 300px\" \/><\/a><strong>IPSF-kontaktperson (IPSF Contact Person)<\/strong><\/h4>\n<p>Nera Beciroski (Helsingfors)<\/p>\n<p>cp.finland (at) gmail.com<\/p>\n<p>&nbsp;<\/p>\n<h4><\/h4>\n<h4><a href=\"https:\/\/www.fipsa.fi\/sfao\/wp-content\/uploads\/2015\/03\/jonna-1.jpg\"><img decoding=\"async\" loading=\"lazy\" class=\"size-medium wp-image-567 alignleft\" src=\"https:\/\/www.fipsa.fi\/sfao\/wp-content\/uploads\/2015\/03\/jonna-1-300x300.jpg\" alt=\"\" width=\"300\" height=\"300\" srcset=\"https:\/\/www.fipsa.fi\/sfao\/wp-content\/uploads\/2015\/03\/jonna-1-300x300.jpg 300w, https:\/\/www.fipsa.fi\/sfao\/wp-content\/uploads\/2015\/03\/jonna-1-150x150.jpg 150w, https:\/\/www.fipsa.fi\/sfao\/wp-content\/uploads\/2015\/03\/jonna-1-768x768.jpg 768w, https:\/\/www.fipsa.fi\/sfao\/wp-content\/uploads\/2015\/03\/jonna-1-800x800.jpg 800w, https:\/\/www.fipsa.fi\/sfao\/wp-content\/uploads\/2015\/03\/jonna-1.jpg 960w\" sizes=\"(max-width: 300px) 100vw, 300px\" \/><\/a><strong>Studentutbyteskoordinator i hemlandet<\/strong><\/h4>\n<p>Jonna Hautala (Helsingfors)<\/p>\n<p>harjoitteluvaihdot (at) fipsa.fi<\/p>\n<p>&nbsp;<\/p>\n<h4><\/h4>\n<p><a href=\"https:\/\/www.fipsa.fi\/sfao\/wp-content\/uploads\/2015\/03\/maija-1.jpg\"><img decoding=\"async\" loading=\"lazy\" class=\"size-medium wp-image-568 alignleft\" src=\"https:\/\/www.fipsa.fi\/sfao\/wp-content\/uploads\/2015\/03\/maija-1-300x300.jpg\" alt=\"\" width=\"300\" height=\"300\" srcset=\"https:\/\/www.fipsa.fi\/sfao\/wp-content\/uploads\/2015\/03\/maija-1-300x300.jpg 300w, https:\/\/www.fipsa.fi\/sfao\/wp-content\/uploads\/2015\/03\/maija-1-150x150.jpg 150w, https:\/\/www.fipsa.fi\/sfao\/wp-content\/uploads\/2015\/03\/maija-1-768x767.jpg 768w, https:\/\/www.fipsa.fi\/sfao\/wp-content\/uploads\/2015\/03\/maija-1-800x799.jpg 800w, https:\/\/www.fipsa.fi\/sfao\/wp-content\/uploads\/2015\/03\/maija-1.jpg 845w\" sizes=\"(max-width: 300px) 100vw, 300px\" \/><\/a><strong>Studentutbyteskoordinator i utomlands<\/strong><\/p>\n<p>Maija Raatikainen (Kuopio=)<\/p>\n<p>imp-finland (at) sfao.net<\/p>\n<p>seo (at) fipsa.fi<\/p>\n<p>Studentutbyteskoordinator \u00e4r i kontakt med EPSA och IPSF g\u00e4llande studentutbytespraktik och hj&amp;aulmlper finska farmacistuderande s\u00f6ka studentutbytes praktikplatser.<\/p>\n<p>&nbsp;<\/p>\n<p>&nbsp;<\/p>\n<p>&nbsp;<\/p>\n<p><a href=\"https:\/\/www.fipsa.fi\/sfao\/wp-content\/uploads\/2015\/03\/2016_KL-1.jpg\"><img decoding=\"async\" loading=\"lazy\" class=\"size-medium wp-image-286 alignleft\" src=\"https:\/\/www.fipsa.fi\/sfao\/wp-content\/uploads\/2015\/03\/2016_KL-1-300x300.jpg\" alt=\"\" width=\"300\" height=\"300\" srcset=\"https:\/\/www.fipsa.fi\/sfao\/wp-content\/uploads\/2015\/03\/2016_KL-1-300x300.jpg 300w, https:\/\/www.fipsa.fi\/sfao\/wp-content\/uploads\/2015\/03\/2016_KL-1-150x150.jpg 150w, https:\/\/www.fipsa.fi\/sfao\/wp-content\/uploads\/2015\/03\/2016_KL-1.jpg 382w\" sizes=\"(max-width: 300px) 100vw, 300px\" \/><\/a><strong>Informat\u00f6r, Chefredakt\u00f6r<\/strong><\/p>\n<p>Kauri Laine (\u00c5bo)<\/p>\n<p>pharmaca.studentica (a) fipsa.fi<\/p>\n<p>tiedottaja (at) fipsa.fi<\/p>\n","protected":false},"excerpt":{"rendered":"<p>Om du vill ta kontakt med styrelsen, skicka e-post till: yhteydenotot (at) fipsa.fi &nbsp; Ordf\u00f6rande Ida Lepist\u00f6 (Helsingfors) president (at) fipsa.fi &nbsp; &nbsp; &nbsp; &nbsp; &nbsp; &nbsp; Viceordf\u00f6rande, projektkordinator Nelli \u00c4ij\u00f6 vicepresident (at) fipsa.fi &nbsp; &nbsp; &nbsp; \u00a0Sekreterare Camilla Andersson (Helsingfors) secgen (at) fipsa.fi Sekreterare skriver opp allt det diskuteras p\u00e5 m\u00f6ten och lagar protokoll. &nbsp; Kass\u00f6r Annika Randell (\u00c5bo)<\/p>\n<p><a class=\"more-link\" href=\"https:\/\/www.fipsa.fi\/sfao\/fipsa\/styrelsen\/?lang=sv\">Read More<\/a><\/p>\n","protected":false},"author":1,"featured_media":0,"parent":1068,"menu_order":0,"comment_status":"closed","ping_status":"closed","template":"","meta":[],"_links":{"self":[{"href":"https:\/\/www.fipsa.fi\/sfao\/wp-json\/wp\/v2\/pages\/1077"}],"collection":[{"href":"https:\/\/www.fipsa.fi\/sfao\/wp-json\/wp\/v2\/pages"}],"about":[{"href":"https:\/\/www.fipsa.fi\/sfao\/wp-json\/wp\/v2\/types\/page"}],"author":[{"embeddable":true,"href":"https:\/\/www.fipsa.fi\/sfao\/wp-json\/wp\/v2\/users\/1"}],"replies":[{"embeddable":true,"href":"https:\/\/www.fipsa.fi\/sfao\/wp-json\/wp\/v2\/comments?post=1077"}],"version-history":[{"count":1,"href":"https:\/\/www.fipsa.fi\/sfao\/wp-json\/wp\/v2\/pages\/1077\/revisions"}],"predecessor-version":[{"id":1078,"href":"https:\/\/www.fipsa.fi\/sfao\/wp-json\/wp\/v2\/pages\/1077\/revisions\/1078"}],"up":[{"embeddable":true,"href":"https:\/\/www.fipsa.fi\/sfao\/wp-json\/wp\/v2\/pages\/1068"}],"wp:attachment":[{"href":"https:\/\/www.fipsa.fi\/sfao\/wp-json\/wp\/v2\/media?parent=1077"}],"curies":[{"name":"wp","href":"https:\/\/api.w.org\/{rel}","templated":true}]}}