{"id":1060,"date":"2017-11-11T17:27:38","date_gmt":"2017-11-11T17:27:38","guid":{"rendered":"https:\/\/www.fipsa.fi\/sfao\/?page_id=1060"},"modified":"2017-11-11T18:10:28","modified_gmt":"2017-11-11T18:10:28","slug":"punaiset-kaarmeet-veriryhma","status":"publish","type":"page","link":"https:\/\/www.fipsa.fi\/sfao\/punaiset-kaarmeet-veriryhma\/","title":{"rendered":"Punaiset k\u00e4\u00e4rmeet &#8211; VeriRyhm\u00e4"},"content":{"rendered":"<h3>L\u00e4hde kanssamme luovuttamaan verta!<\/h3>\n<p>Suomen Farmasian Opiskelijaj\u00e4rjest\u00f6ill\u00e4 on yhteinen VeriRyhm\u00e4 &#8211; <strong>Punaiset K\u00e4\u00e4rmeet, <\/strong>jonka kautta ker\u00e4\u00e4mme luovutuksia yhdess\u00e4.<\/p>\n<p>Jos k\u00e4yt luovuttamassa verta, ilmoitathan kuuluvasi veriryhm\u00e4\u00e4n, niin luovutuksesi kirjataan ryhm\u00e4n tietoihin! Muuten voit osallistua yhteisluovutustilaisuuksiin, joita j\u00e4rjestet\u00e4\u00e4n eri paikkakunnilla.<\/p>\n<h3>Tarkista. sovitko luovuttajaksi <a href=\"http:\/\/www.sovinkoluovuttajaksi.fi\/\">t\u00e4\u00e4lt\u00e4!<\/a><\/h3>\n<p><iframe src=\"https:\/\/www.veripalvelu.fi\/_layouts\/15\/innofactor.veripalvelu.web\/veribarometriNew.aspx?orientation=horizontal&#038;key=mediapaate&#038;delay=10\" frameborder=\"1\"><\/iframe><\/p>\n","protected":false},"excerpt":{"rendered":"<p>L\u00e4hde kanssamme luovuttamaan verta! Suomen Farmasian Opiskelijaj\u00e4rjest\u00f6ill\u00e4 on yhteinen VeriRyhm\u00e4 &#8211; Punaiset K\u00e4\u00e4rmeet, jonka kautta ker\u00e4\u00e4mme luovutuksia yhdess\u00e4. Jos k\u00e4yt luovuttamassa verta, ilmoitathan kuuluvasi veriryhm\u00e4\u00e4n, niin luovutuksesi kirjataan ryhm\u00e4n tietoihin! Muuten voit osallistua yhteisluovutustilaisuuksiin, joita j\u00e4rjestet\u00e4\u00e4n eri paikkakunnilla. Tarkista. sovitko luovuttajaksi t\u00e4\u00e4lt\u00e4!<\/p>\n","protected":false},"author":1,"featured_media":0,"parent":0,"menu_order":0,"comment_status":"closed","ping_status":"closed","template":"","meta":[],"_links":{"self":[{"href":"https:\/\/www.fipsa.fi\/sfao\/wp-json\/wp\/v2\/pages\/1060"}],"collection":[{"href":"https:\/\/www.fipsa.fi\/sfao\/wp-json\/wp\/v2\/pages"}],"about":[{"href":"https:\/\/www.fipsa.fi\/sfao\/wp-json\/wp\/v2\/types\/page"}],"author":[{"embeddable":true,"href":"https:\/\/www.fipsa.fi\/sfao\/wp-json\/wp\/v2\/users\/1"}],"replies":[{"embeddable":true,"href":"https:\/\/www.fipsa.fi\/sfao\/wp-json\/wp\/v2\/comments?post=1060"}],"version-history":[{"count":8,"href":"https:\/\/www.fipsa.fi\/sfao\/wp-json\/wp\/v2\/pages\/1060\/revisions"}],"predecessor-version":[{"id":1090,"href":"https:\/\/www.fipsa.fi\/sfao\/wp-json\/wp\/v2\/pages\/1060\/revisions\/1090"}],"wp:attachment":[{"href":"https:\/\/www.fipsa.fi\/sfao\/wp-json\/wp\/v2\/media?parent=1060"}],"curies":[{"name":"wp","href":"https:\/\/api.w.org\/{rel}","templated":true}]}}